{"id":10,"date":"2025-12-23T10:33:01","date_gmt":"2025-12-23T10:33:01","guid":{"rendered":"https:\/\/malosa-creation.fr\/?page_id=10"},"modified":"2025-12-23T13:03:32","modified_gmt":"2025-12-23T13:03:32","slug":"accueil","status":"publish","type":"page","link":"https:\/\/malosa-creation.fr\/","title":{"rendered":"Accueil"},"content":{"rendered":"\n<div class=\"wp-block-uagb-image uagb-block-616501d5 wp-block-uagb-image--layout-overlay wp-block-uagb-image--effect-static wp-block-uagb-image--align-none\"><figure class=\"wp-block-uagb-image__figure\"><img decoding=\"async\" srcset=\"https:\/\/malosa-creation.fr\/wp-content\/uploads\/2025\/12\/pexels-photo-834892-834892-1024x683.jpg ,https:\/\/malosa-creation.fr\/wp-content\/uploads\/2025\/12\/pexels-photo-834892-834892-scaled.jpg 780w, https:\/\/malosa-creation.fr\/wp-content\/uploads\/2025\/12\/pexels-photo-834892-834892-scaled.jpg 360w\" sizes=\"auto, (max-width: 480px) 150px\" src=\"https:\/\/malosa-creation.fr\/wp-content\/uploads\/2025\/12\/pexels-photo-834892-834892-1024x683.jpg\" alt=\"Close-up of construction blueprint with tools like drill and screws on a wooden table.\" class=\"uag-image-28\" width=\"1200\" height=\"568\" title=\"pexels-photo-834892-834892\" loading=\"lazy\" role=\"img\"\/><div class=\"wp-block-uagb-image--layout-overlay__color-wrapper\"><\/div><div class=\"wp-block-uagb-image--layout-overlay__inner center-center\"><h2 class=\"uagb-image-heading\">Malosa Cr\u00e9ation<\/h2><figcaption class=\"uagb-image-caption\">La r\u00e9novation d&rsquo;int\u00e9rieur et l&rsquo;excellence<\/figcaption><\/div><\/figure><\/div>\n\n\n\n<div class=\"wp-block-group alignfull has-ast-global-color-5-background-color has-background is-layout-constrained wp-container-core-group-is-layout-9cedb757 wp-block-group-is-layout-constrained\" style=\"padding-bottom:0px\">\n<div class=\"wp-block-columns are-vertically-aligned-top is-layout-flex wp-container-core-columns-is-layout-00723822 wp-block-columns-is-layout-flex\">\n<div class=\"wp-block-column is-vertically-aligned-top is-layout-flow wp-container-core-column-is-layout-6b73ce23 wp-block-column-is-layout-flow\">\n<figure class=\"wp-block-image size-large\"><img decoding=\"async\" src=\"http:\/\/malosa-creation.fr\/wp-content\/uploads\/2025\/12\/pexels-photo-3760529-3760529-1024x683.jpg\" alt=\"\"\/><\/figure>\n\n\n\n<h3 class=\"wp-block-heading has-text-align-center\" style=\"margin-top:16px\">Expertise <\/h3>\n\n\n\n<p class=\"has-text-align-center\">Plus de 15 ans de savoir-faire dans la r\u00e9novation int\u00e9rieure. <\/p>\n<\/div>\n\n\n\n<div class=\"wp-block-column is-vertically-aligned-top is-layout-flow wp-container-core-column-is-layout-6b73ce23 wp-block-column-is-layout-flow\">\n<figure class=\"wp-block-image aligncenter size-large is-resized\"><img loading=\"lazy\" decoding=\"async\" width=\"1024\" height=\"896\" src=\"http:\/\/malosa-creation.fr\/wp-content\/uploads\/2025\/12\/ged829c6953533367db36b6daf636b9cc2a61cec523646c7d799aa1ef18232b5c128f8e99783fbdc0e3b94c83869f2d871d33ea6aa24470ca5f650319ee2e7712_1280-9956410-1024x896.jpg\" alt=\"vines, vineyard, vine, herault, cevennes, occitanie, town, landscape, france, fall, landscapes, montpeyroux\" class=\"wp-image-61\" style=\"width:198px;height:auto\" srcset=\"https:\/\/malosa-creation.fr\/wp-content\/uploads\/2025\/12\/ged829c6953533367db36b6daf636b9cc2a61cec523646c7d799aa1ef18232b5c128f8e99783fbdc0e3b94c83869f2d871d33ea6aa24470ca5f650319ee2e7712_1280-9956410-1024x896.jpg 1024w, https:\/\/malosa-creation.fr\/wp-content\/uploads\/2025\/12\/ged829c6953533367db36b6daf636b9cc2a61cec523646c7d799aa1ef18232b5c128f8e99783fbdc0e3b94c83869f2d871d33ea6aa24470ca5f650319ee2e7712_1280-9956410-300x263.jpg 300w, https:\/\/malosa-creation.fr\/wp-content\/uploads\/2025\/12\/ged829c6953533367db36b6daf636b9cc2a61cec523646c7d799aa1ef18232b5c128f8e99783fbdc0e3b94c83869f2d871d33ea6aa24470ca5f650319ee2e7712_1280-9956410-768x672.jpg 768w, https:\/\/malosa-creation.fr\/wp-content\/uploads\/2025\/12\/ged829c6953533367db36b6daf636b9cc2a61cec523646c7d799aa1ef18232b5c128f8e99783fbdc0e3b94c83869f2d871d33ea6aa24470ca5f650319ee2e7712_1280-9956410.jpg 1280w\" sizes=\"auto, (max-width: 1024px) 100vw, 1024px\" \/><\/figure>\n\n\n\n<h3 class=\"wp-block-heading has-text-align-center\" style=\"margin-top:16px\">Exp\u00e9rience locale<\/h3>\n\n\n\n<p class=\"has-text-align-center\">R\u00e9alisation de centaines de projets pour des clients locaux \u00e0 B\u00e9ziers, Montpellier et Lod\u00e8ve.<\/p>\n<\/div>\n\n\n\n<div class=\"wp-block-column is-vertically-aligned-top is-layout-flow wp-container-core-column-is-layout-6b73ce23 wp-block-column-is-layout-flow\">\n<figure class=\"wp-block-image aligncenter size-large is-resized\"><img loading=\"lazy\" decoding=\"async\" width=\"683\" height=\"1024\" src=\"http:\/\/malosa-creation.fr\/wp-content\/uploads\/2025\/12\/pexels-photo-6583363-6583363-683x1024.jpg\" alt=\"Hands holding a fan of color swatches against a backdrop of fabric samples, ideal for interior design projects.\" class=\"wp-image-62\" style=\"aspect-ratio:0.6669865642994242;width:116px;height:auto\" srcset=\"https:\/\/malosa-creation.fr\/wp-content\/uploads\/2025\/12\/pexels-photo-6583363-6583363-683x1024.jpg 683w, https:\/\/malosa-creation.fr\/wp-content\/uploads\/2025\/12\/pexels-photo-6583363-6583363-200x300.jpg 200w, https:\/\/malosa-creation.fr\/wp-content\/uploads\/2025\/12\/pexels-photo-6583363-6583363-768x1152.jpg 768w, https:\/\/malosa-creation.fr\/wp-content\/uploads\/2025\/12\/pexels-photo-6583363-6583363-1024x1536.jpg 1024w, https:\/\/malosa-creation.fr\/wp-content\/uploads\/2025\/12\/pexels-photo-6583363-6583363-1365x2048.jpg 1365w, https:\/\/malosa-creation.fr\/wp-content\/uploads\/2025\/12\/pexels-photo-6583363-6583363-scaled.jpg 1707w\" sizes=\"auto, (max-width: 683px) 100vw, 683px\" \/><\/figure>\n\n\n\n<h3 class=\"wp-block-heading has-text-align-center\" style=\"margin-top:16px\">Design et finitions haut de gamme<\/h3>\n\n\n\n<p class=\"has-text-align-center\">Accent sur la qualit\u00e9, l\u2019esth\u00e9tique et le confort dans chaque projet.<\/p>\n<\/div>\n\n\n\n<div class=\"wp-block-column is-vertically-aligned-top is-layout-flow wp-container-core-column-is-layout-6b73ce23 wp-block-column-is-layout-flow\">\n<figure class=\"wp-block-image aligncenter size-large is-resized\"><img loading=\"lazy\" decoding=\"async\" width=\"1024\" height=\"768\" src=\"http:\/\/malosa-creation.fr\/wp-content\/uploads\/2025\/12\/g03acc7bf7b56e5e3e6672c7a4c4e8b1b2166165cc3029b62bfdce409bf02e6ab8a7451c109ba0442487073ecee61772e_1280-22324-1024x768.jpg\" alt=\"house, cancellation, renovation, old building, renovation, renovation, renovation, renovation, renovation\" class=\"wp-image-63\" style=\"width:232px;height:auto\" srcset=\"https:\/\/malosa-creation.fr\/wp-content\/uploads\/2025\/12\/g03acc7bf7b56e5e3e6672c7a4c4e8b1b2166165cc3029b62bfdce409bf02e6ab8a7451c109ba0442487073ecee61772e_1280-22324-1024x768.jpg 1024w, https:\/\/malosa-creation.fr\/wp-content\/uploads\/2025\/12\/g03acc7bf7b56e5e3e6672c7a4c4e8b1b2166165cc3029b62bfdce409bf02e6ab8a7451c109ba0442487073ecee61772e_1280-22324-300x225.jpg 300w, https:\/\/malosa-creation.fr\/wp-content\/uploads\/2025\/12\/g03acc7bf7b56e5e3e6672c7a4c4e8b1b2166165cc3029b62bfdce409bf02e6ab8a7451c109ba0442487073ecee61772e_1280-22324-768x576.jpg 768w, https:\/\/malosa-creation.fr\/wp-content\/uploads\/2025\/12\/g03acc7bf7b56e5e3e6672c7a4c4e8b1b2166165cc3029b62bfdce409bf02e6ab8a7451c109ba0442487073ecee61772e_1280-22324.jpg 1280w\" sizes=\"auto, (max-width: 1024px) 100vw, 1024px\" \/><\/figure>\n\n\n\n<h3 class=\"wp-block-heading has-text-align-center\" style=\"margin-top:16px\">Projets personnalis\u00e9s et ambitieux<\/h3>\n\n\n\n<p class=\"has-text-align-center\">Accompagnement complet pour chaque projet, de la conception \u00e0 la r\u00e9alisation.<\/p>\n<\/div>\n<\/div>\n<\/div>\n\n\n\n<div class=\"wp-block-group alignfull is-layout-constrained wp-container-core-group-is-layout-45b0ac4f wp-block-group-is-layout-constrained\" id=\"services\" style=\"padding-top:144px;padding-bottom:0px\">\n<h2 class=\"wp-block-heading\">Nos services<\/h2>\n\n\n\n<p>Depuis 2011, Alexandre Valette met sa passion pour la r\u00e9novation et l\u2019excellence au service de ses clients. Avec plus d\u2019une quinzaine d\u2019ann\u00e9es d\u2019exp\u00e9rience et des centaines de projets r\u00e9ussis, Malosa Cr\u00e9ation est votre partenaire de confiance pour transformer votre int\u00e9rieur.<\/p>\n\n\n\n<p>Nous intervenons entre B\u00e9ziers, Montpellier et Lod\u00e8ve pour tous types de chantiers, du plus petit au plus ambitieux. Notre sp\u00e9cialit\u00e9 : la r\u00e9novation int\u00e9rieure compl\u00e8te. Peinture, parquet, faux plafonds, luminaires design, meubles sur mesure, plans de travail, carrelage, douche \u00e0 l\u2019italienne, plomberie, \u00e9lectrom\u00e9nager int\u00e9gr\u00e9, isolation thermique et phonique, cloisons et cr\u00e9ation d\u2019espaces ouverts, remplacement de fen\u00eatres et volets, finitions d\u00e9coratives, \u00e9clairage sur mesure\u2026 nous r\u00e9alisons chaque d\u00e9tail avec soin et professionnalisme.<\/p>\n\n\n\n<p>Avec Malosa Cr\u00e9ation, votre projet de r\u00e9novation prend vie exactement comme vous l\u2019imaginez, alliant confort, style et qualit\u00e9.<\/p>\n\n\n\n<div class=\"wp-block-columns is-layout-flex wp-container-core-columns-is-layout-60cbf9bb wp-block-columns-is-layout-flex\" style=\"margin-top:50px\">\n<div class=\"wp-block-column is-layout-flow wp-container-core-column-is-layout-6b73ce23 wp-block-column-is-layout-flow\">\n<h3 class=\"wp-block-heading has-text-align-center\" style=\"margin-top:16px\">R\u00e9novation int\u00e9rieure compl\u00e8te<\/h3>\n\n\n\n<div class=\"wp-block-uagb-container uagb-block-176bd5a7 default uagb-is-root-container\">\n<div class=\"wp-block-columns is-layout-flex wp-container-core-columns-is-layout-28f84493 wp-block-columns-is-layout-flex\">\n<div class=\"wp-block-column is-layout-flow wp-block-column-is-layout-flow\" style=\"flex-basis:100%\">\n<div class=\"wp-block-group is-nowrap is-layout-flex wp-container-core-group-is-layout-6c531013 wp-block-group-is-layout-flex\">\n<div class=\"wp-block-columns is-layout-flex wp-container-core-columns-is-layout-28f84493 wp-block-columns-is-layout-flex\">\n<div class=\"wp-block-column is-layout-flow wp-block-column-is-layout-flow\">\n<div class=\"wp-block-uagb-image uagb-block-92835a3f wp-block-uagb-image--layout-default wp-block-uagb-image--effect-static wp-block-uagb-image--align-none\"><figure class=\"wp-block-uagb-image__figure\"><img decoding=\"async\" srcset=\"https:\/\/malosa-creation.fr\/wp-content\/uploads\/2025\/12\/avant1.jpg ,https:\/\/malosa-creation.fr\/wp-content\/uploads\/2025\/12\/avant1.jpg 780w, https:\/\/malosa-creation.fr\/wp-content\/uploads\/2025\/12\/avant1.jpg 360w\" sizes=\"auto, (max-width: 480px) 150px\" src=\"https:\/\/malosa-creation.fr\/wp-content\/uploads\/2025\/12\/avant1.jpg\" alt=\"\" class=\"uag-image-64\" width=\"444\" height=\"590\" title=\"avant1\" loading=\"lazy\" role=\"img\"\/><\/figure><\/div>\n<\/div>\n\n\n\n<div class=\"wp-block-column is-layout-flow wp-block-column-is-layout-flow\">\n<div class=\"wp-block-uagb-image uagb-block-7ee1d155 wp-block-uagb-image--layout-default wp-block-uagb-image--effect-static wp-block-uagb-image--align-none\"><figure class=\"wp-block-uagb-image__figure\"><img decoding=\"async\" srcset=\"https:\/\/malosa-creation.fr\/wp-content\/uploads\/2025\/12\/apres2.jpg ,https:\/\/malosa-creation.fr\/wp-content\/uploads\/2025\/12\/apres2.jpg 780w, https:\/\/malosa-creation.fr\/wp-content\/uploads\/2025\/12\/apres2.jpg 360w\" sizes=\"auto, (max-width: 480px) 150px\" src=\"https:\/\/malosa-creation.fr\/wp-content\/uploads\/2025\/12\/apres2.jpg\" alt=\"\" class=\"uag-image-65\" width=\"444\" height=\"590\" title=\"apr\u00e8s2\" loading=\"lazy\" role=\"img\"\/><\/figure><\/div>\n<\/div>\n<\/div>\n<\/div>\n<\/div>\n<\/div>\n<\/div>\n\n\n\n<p class=\"has-text-align-center\">Peinture, parquet, carrelage, faux plafonds, cloisons, cr\u00e9ation d\u2019espaces ouverts, &#8230;<\/p>\n<\/div>\n\n\n\n<div class=\"wp-block-column is-layout-flow wp-container-core-column-is-layout-6b73ce23 wp-block-column-is-layout-flow\">\n<h3 class=\"wp-block-heading has-text-align-center\" style=\"margin-top:16px\">Am\u00e9nagement sur mesure<\/h3>\n\n\n\n<figure class=\"wp-block-image aligncenter size-full is-resized\"><img loading=\"lazy\" decoding=\"async\" width=\"1536\" height=\"2048\" src=\"https:\/\/malosa-creation.fr\/wp-content\/uploads\/2025\/12\/design.jpg\" alt=\"\" class=\"wp-image-68\" style=\"aspect-ratio:0.7500080300645617;width:167px;height:auto\" srcset=\"https:\/\/malosa-creation.fr\/wp-content\/uploads\/2025\/12\/design.jpg 1536w, https:\/\/malosa-creation.fr\/wp-content\/uploads\/2025\/12\/design-225x300.jpg 225w, https:\/\/malosa-creation.fr\/wp-content\/uploads\/2025\/12\/design-768x1024.jpg 768w, https:\/\/malosa-creation.fr\/wp-content\/uploads\/2025\/12\/design-1152x1536.jpg 1152w\" sizes=\"auto, (max-width: 1536px) 100vw, 1536px\" \/><\/figure>\n\n\n\n<p class=\"has-text-align-center\">Meubles sur mesure, luminaires design, plan de travail, \u00e9lectrom\u00e9nager int\u00e9gr\u00e9, \u00e9clairage sur mesure, &#8230;<\/p>\n<\/div>\n\n\n\n<div class=\"wp-block-column is-layout-flow wp-container-core-column-is-layout-6b73ce23 wp-block-column-is-layout-flow\">\n<h3 class=\"wp-block-heading has-text-align-center\" style=\"margin-top:16px\">Travaux techniques et confort<\/h3>\n\n\n\n<figure class=\"wp-block-image aligncenter size-full is-resized\"><img loading=\"lazy\" decoding=\"async\" width=\"495\" height=\"660\" src=\"https:\/\/malosa-creation.fr\/wp-content\/uploads\/2025\/12\/douche-edited.jpg\" alt=\"\" class=\"wp-image-70\" style=\"aspect-ratio:0.7500080300645617;width:167px;height:auto\" srcset=\"https:\/\/malosa-creation.fr\/wp-content\/uploads\/2025\/12\/douche-edited.jpg 495w, https:\/\/malosa-creation.fr\/wp-content\/uploads\/2025\/12\/douche-edited-225x300.jpg 225w\" sizes=\"auto, (max-width: 495px) 100vw, 495px\" \/><\/figure>\n\n\n\n<p class=\"has-text-align-center\">Plomberie, installation sanitaire, isolation thermique et phonique, douche \u00e0 l\u2019italienne, &#8230;<\/p>\n<\/div>\n<\/div>\n<\/div>\n\n\n\n<div class=\"wp-block-group alignfull has-ast-global-color-5-background-color has-background is-layout-constrained wp-container-core-group-is-layout-94d206d0 wp-block-group-is-layout-constrained\" id=\"about\" style=\"padding-top:143px;padding-bottom:144px\">\n<div class=\"wp-block-media-text has-media-on-the-right is-stacked-on-mobile is-vertically-aligned-center\"><div class=\"wp-block-media-text__content\">\n<div class=\"inherit-container-width wp-block-group is-layout-constrained wp-container-core-group-is-layout-47ce07ec wp-block-group-is-layout-constrained\" style=\"padding-right:80px\">\n<h2 class=\"wp-block-heading\" style=\"padding-right:40px\">Devis rapide et gratuit<\/h2>\n\n\n\n<p>Obtenez votre estimation personnalis\u00e9e en un rien de temps ! Chez Malosa Cr\u00e9ation, chaque projet est unique, et nous vous fournissons un devis clair, gratuit et sans engagement pour concr\u00e9tiser vos id\u00e9es en toute s\u00e9r\u00e9nit\u00e9.<\/p>\n<\/div>\n<\/div><figure class=\"wp-block-media-text__media\"><img decoding=\"async\" src=\"https:\/\/malosa-creation.fr\/wp-content\/themes\/astra\/inc\/assets\/images\/starter-content\/about-us.jpg\" alt=\"\" class=\"wp-image-237 size-full\"\/><\/figure><\/div>\n<\/div>\n\n\n\n<div class=\"wp-block-group alignfull has-ast-global-color-4-background-color has-background is-layout-constrained wp-container-core-group-is-layout-6a2cfb7b wp-block-group-is-layout-constrained\" id=\"reviews\">\n<figure class=\"wp-block-image aligncenter size-full\"><img decoding=\"async\" src=\"https:\/\/malosa-creation.fr\/wp-content\/themes\/astra\/inc\/assets\/images\/starter-content\/avatar.png\" alt=\"\" class=\"wp-image-235\"\/><\/figure>\n\n\n\n<p class=\"has-text-align-center\" style=\"font-size:22px;line-height:1.6\">\u201cPersonne tr\u00e8s professionnelle qui travaille proprement et est \u00e0 l\u2019\u00e9coute du client. Est intervenu chez moi pour la pose d\u2019une douche \u00e0 l\u2019italienne et je suis tr\u00e8s content du r\u00e9sultat. Je recommande cette personne c\u2019est un artisan tr\u00e8s professionnel et tr\u00e8s sympa et qui respecte les d\u00e9lais annonc\u00e9s.\u00a0\u00bb<\/p>\n\n\n\n<p class=\"has-text-align-center\"><strong>Eric Carpentier<\/strong><\/p>\n<\/div>\n\n\n\n<div class=\"wp-block-group alignfull has-background is-layout-constrained wp-container-core-group-is-layout-cfcca693 wp-block-group-is-layout-constrained\" id=\"contact\" style=\"background:linear-gradient(35deg,rgb(6,0,151) 0%,rgb(130,4,255) 64%,rgb(193,15,255) 98%);padding-top:104px;padding-bottom:104px\">\n<h2 class=\"wp-block-heading has-text-align-center has-text-color\" style=\"color:#ffffff\">Vos id\u00e9es se r\u00e9alisent maintenant !<\/h2>\n\n\n<style id=\"wpforms-css-vars-83-block-4ee0e41b-c04c-49dd-81c5-15d8d26de283\">\n\t\t\t\t#wpforms-83.wpforms-block-4ee0e41b-c04c-49dd-81c5-15d8d26de283 {\n\t\t\t\t--wpforms-field-size-input-height: 43px;\n--wpforms-field-size-input-spacing: 15px;\n--wpforms-field-size-font-size: 16px;\n--wpforms-field-size-line-height: 19px;\n--wpforms-field-size-padding-h: 14px;\n--wpforms-field-size-checkbox-size: 16px;\n--wpforms-field-size-sublabel-spacing: 5px;\n--wpforms-field-size-icon-size: 1;\n--wpforms-label-size-font-size: 16px;\n--wpforms-label-size-line-height: 19px;\n--wpforms-label-size-sublabel-font-size: 14px;\n--wpforms-label-size-sublabel-line-height: 17px;\n--wpforms-button-size-font-size: 17px;\n--wpforms-button-size-height: 41px;\n--wpforms-button-size-padding-h: 15px;\n--wpforms-button-size-margin-top: 10px;\n\t\t\t}\n\t\t\t<\/style><div class=\"wpforms-container wpforms-container-full wpforms-block wpforms-block-4ee0e41b-c04c-49dd-81c5-15d8d26de283 wpforms-render-modern\" id=\"wpforms-83\"><form id=\"wpforms-form-83\" class=\"wpforms-validate wpforms-form wpforms-ajax-form\" data-formid=\"83\" method=\"post\" enctype=\"multipart\/form-data\" action=\"\/index.php\/wp-json\/wp\/v2\/pages\/10\" data-token=\"a95c262c80790e38163ec6cf482443e8\" data-token-time=\"1775568501\"><noscript class=\"wpforms-error-noscript\">Veuillez activer JavaScript dans votre navigateur pour remplir ce formulaire.<\/noscript><div id=\"wpforms-error-noscript\" style=\"display: none;\">Veuillez activer JavaScript dans votre navigateur pour remplir ce formulaire.<\/div><div class=\"wpforms-field-container\">\t\t<div id=\"wpforms-83-field_4-container\"\n\t\t\tclass=\"wpforms-field wpforms-field-text\"\n\t\t\tdata-field-type=\"text\"\n\t\t\tdata-field-id=\"4\"\n\t\t\t>\n\t\t\t<label class=\"wpforms-field-label\" for=\"wpforms-83-field_4\" >message E-mail Commentaire<\/label>\n\t\t\t<input type=\"text\" id=\"wpforms-83-field_4\" class=\"wpforms-field-medium\" name=\"wpforms[fields][4]\" >\n\t\t<\/div>\n\t\t<div id=\"wpforms-83-field_1-container\" class=\"wpforms-field wpforms-field-name\" data-field-id=\"1\"><fieldset><legend class=\"wpforms-field-label\">Nom <span class=\"wpforms-required-label\" aria-hidden=\"true\">*<\/span><\/legend><div class=\"wpforms-field-row wpforms-field-medium\"><div class=\"wpforms-field-row-block wpforms-first wpforms-one-half\"><input type=\"text\" id=\"wpforms-83-field_1\" class=\"wpforms-field-name-first wpforms-field-required\" name=\"wpforms[fields][1][first]\" aria-errormessage=\"wpforms-83-field_1-error\" required><label for=\"wpforms-83-field_1\" class=\"wpforms-field-sublabel after\">Pr\u00e9nom<\/label><\/div><div class=\"wpforms-field-row-block wpforms-one-half\"><input type=\"text\" id=\"wpforms-83-field_1-last\" class=\"wpforms-field-name-last wpforms-field-required\" name=\"wpforms[fields][1][last]\" aria-errormessage=\"wpforms-83-field_1-last-error\" required><label for=\"wpforms-83-field_1-last\" class=\"wpforms-field-sublabel after\">Nom<\/label><\/div><\/div><\/fieldset><\/div><div id=\"wpforms-83-field_2-container\" class=\"wpforms-field wpforms-field-email\" data-field-id=\"2\"><label class=\"wpforms-field-label\" for=\"wpforms-83-field_2\">E-mail <span class=\"wpforms-required-label\" aria-hidden=\"true\">*<\/span><\/label><input type=\"email\" id=\"wpforms-83-field_2\" class=\"wpforms-field-medium wpforms-field-required\" name=\"wpforms[fields][2]\" spellcheck=\"false\" aria-errormessage=\"wpforms-83-field_2-error\" required><\/div><div id=\"wpforms-83-field_3-container\" class=\"wpforms-field wpforms-field-textarea\" data-field-id=\"3\"><label class=\"wpforms-field-label\" for=\"wpforms-83-field_3\">Commentaire ou message<\/label><textarea id=\"wpforms-83-field_3\" class=\"wpforms-field-medium\" name=\"wpforms[fields][3]\" aria-errormessage=\"wpforms-83-field_3-error\" ><\/textarea><\/div><script>\n\t\t\t\t( function() {\n\t\t\t\t\tconst style = document.createElement( 'style' );\n\t\t\t\t\tstyle.appendChild( document.createTextNode( '#wpforms-83-field_4-container { position: absolute !important; overflow: hidden !important; display: inline !important; height: 1px !important; width: 1px !important; z-index: -1000 !important; padding: 0 !important; } #wpforms-83-field_4-container input { visibility: hidden; } #wpforms-conversational-form-page #wpforms-83-field_4-container label { counter-increment: none; }' ) );\n\t\t\t\t\tdocument.head.appendChild( style );\n\t\t\t\t\tdocument.currentScript?.remove();\n\t\t\t\t} )();\n\t\t\t<\/script><\/div><!-- .wpforms-field-container --><div class=\"wpforms-submit-container\" ><input type=\"hidden\" name=\"wpforms[id]\" value=\"83\"><input type=\"hidden\" name=\"page_title\" value=\"\"><input type=\"hidden\" name=\"page_url\" value=\"https:\/\/malosa-creation.fr\/index.php\/wp-json\/wp\/v2\/pages\/10\"><input type=\"hidden\" name=\"url_referer\" value=\"\"><button type=\"submit\" name=\"wpforms[submit]\" id=\"wpforms-submit-83\" class=\"wpforms-submit\" data-alt-text=\"Envoi...\" data-submit-text=\"Envoyer\" aria-live=\"assertive\" value=\"wpforms-submit\">Envoyer<\/button><img loading=\"lazy\" decoding=\"async\" src=\"https:\/\/malosa-creation.fr\/wp-content\/plugins\/wpforms-lite\/assets\/images\/submit-spin.svg\" class=\"wpforms-submit-spinner\" style=\"display: none;\" width=\"26\" height=\"26\" alt=\"Chargement en cours\"><\/div><\/form><\/div>  <!-- .wpforms-container --><\/div>\n\n\n\n<p><\/p>\n","protected":false},"excerpt":{"rendered":"<p>Expertise Plus de 15 ans de savoir-faire dans la r\u00e9novation int\u00e9rieure. Exp\u00e9rience locale R\u00e9alisation de centaines de projets pour des [&hellip;]<\/p>\n","protected":false},"author":1,"featured_media":0,"parent":0,"menu_order":0,"comment_status":"closed","ping_status":"closed","template":"","meta":{"_uag_custom_page_level_css":"","site-sidebar-layout":"no-sidebar","site-content-layout":"plain-container","ast-site-content-layout":"default","site-content-style":"default","site-sidebar-style":"default","ast-global-header-display":"","ast-banner-title-visibility":"","ast-main-header-display":"","ast-hfb-above-header-display":"","ast-hfb-below-header-display":"","ast-hfb-mobile-header-display":"","site-post-title":"disabled","ast-breadcrumbs-content":"","ast-featured-img":"","footer-sml-layout":"","ast-disable-related-posts":"","theme-transparent-header-meta":"enabled","adv-header-id-meta":"","stick-header-meta":"","header-above-stick-meta":"","header-main-stick-meta":"","header-below-stick-meta":"","astra-migrate-meta-layouts":"default","ast-page-background-enabled":"default","ast-page-background-meta":{"desktop":{"background-color":"var(--ast-global-color-5)","background-image":"","background-repeat":"repeat","background-position":"center center","background-size":"auto","background-attachment":"scroll","background-type":"","background-media":"","overlay-type":"","overlay-color":"","overlay-opacity":"","overlay-gradient":""},"tablet":{"background-color":"","background-image":"","background-repeat":"repeat","background-position":"center center","background-size":"auto","background-attachment":"scroll","background-type":"","background-media":"","overlay-type":"","overlay-color":"","overlay-opacity":"","overlay-gradient":""},"mobile":{"background-color":"","background-image":"","background-repeat":"repeat","background-position":"center center","background-size":"auto","background-attachment":"scroll","background-type":"","background-media":"","overlay-type":"","overlay-color":"","overlay-opacity":"","overlay-gradient":""}},"ast-content-background-meta":{"desktop":{"background-color":"var(--ast-global-color-4)","background-image":"","background-repeat":"repeat","background-position":"center center","background-size":"auto","background-attachment":"scroll","background-type":"","background-media":"","overlay-type":"","overlay-color":"","overlay-opacity":"","overlay-gradient":""},"tablet":{"background-color":"var(--ast-global-color-4)","background-image":"","background-repeat":"repeat","background-position":"center center","background-size":"auto","background-attachment":"scroll","background-type":"","background-media":"","overlay-type":"","overlay-color":"","overlay-opacity":"","overlay-gradient":""},"mobile":{"background-color":"var(--ast-global-color-4)","background-image":"","background-repeat":"repeat","background-position":"center center","background-size":"auto","background-attachment":"scroll","background-type":"","background-media":"","overlay-type":"","overlay-color":"","overlay-opacity":"","overlay-gradient":""}},"footnotes":""},"class_list":["post-10","page","type-page","status-publish","hentry"],"uagb_featured_image_src":{"full":false,"thumbnail":false,"medium":false,"medium_large":false,"large":false,"1536x1536":false,"2048x2048":false},"uagb_author_info":{"display_name":"admin5937","author_link":"https:\/\/malosa-creation.fr\/index.php\/author\/admin5937\/"},"uagb_comment_info":0,"uagb_excerpt":"Expertise Plus de 15 ans de savoir-faire dans la r\u00e9novation int\u00e9rieure. Exp\u00e9rience locale R\u00e9alisation de centaines de projets pour des [&hellip;]","_links":{"self":[{"href":"https:\/\/malosa-creation.fr\/index.php\/wp-json\/wp\/v2\/pages\/10","targetHints":{"allow":["GET"]}}],"collection":[{"href":"https:\/\/malosa-creation.fr\/index.php\/wp-json\/wp\/v2\/pages"}],"about":[{"href":"https:\/\/malosa-creation.fr\/index.php\/wp-json\/wp\/v2\/types\/page"}],"author":[{"embeddable":true,"href":"https:\/\/malosa-creation.fr\/index.php\/wp-json\/wp\/v2\/users\/1"}],"replies":[{"embeddable":true,"href":"https:\/\/malosa-creation.fr\/index.php\/wp-json\/wp\/v2\/comments?post=10"}],"version-history":[{"count":26,"href":"https:\/\/malosa-creation.fr\/index.php\/wp-json\/wp\/v2\/pages\/10\/revisions"}],"predecessor-version":[{"id":94,"href":"https:\/\/malosa-creation.fr\/index.php\/wp-json\/wp\/v2\/pages\/10\/revisions\/94"}],"wp:attachment":[{"href":"https:\/\/malosa-creation.fr\/index.php\/wp-json\/wp\/v2\/media?parent=10"}],"curies":[{"name":"wp","href":"https:\/\/api.w.org\/{rel}","templated":true}]}}